{"id":836,"date":"2024-12-09T22:44:36","date_gmt":"2024-12-09T21:44:36","guid":{"rendered":"https:\/\/www.ocnibn.cz\/?page_id=836"},"modified":"2026-02-24T08:07:30","modified_gmt":"2026-02-24T07:07:30","slug":"rozpis","status":"publish","type":"page","link":"https:\/\/www.ocnibn.cz\/?page_id=836","title":{"rendered":"Rozpis"},"content":{"rendered":"\n<p><\/p>\n\n\n\n<p><\/p>\n\n\n\n<ul class=\"wp-block-list\">\n<li>20.2. MUDr. Michael Dvo\u0159\u00e1k<\/li>\n\n\n\n<li>27.2. MUDr. Pavel Dvo\u0159\u00e1k<\/li>\n\n\n\n<li>6.3. MUDr. Pavel Dvo\u0159\u00e1k<\/li>\n\n\n\n<li>13.3. MUDr. Michael Dvo\u0159\u00e1k<\/li>\n\n\n\n<li>20.3. MUDr. Pavel Dvo\u0159\u00e1k<\/li>\n\n\n\n<li>27.3. MUDr. Michael Dvo\u0159\u00e1k<\/li>\n\n\n\n<li>3.4. st\u00e1tn\u00ed sv\u00e1tek<\/li>\n\n\n\n<li>10.4. MUDr. Pavel Dvo\u0159\u00e1k<\/li>\n\n\n\n<li>17.4. MUDr. Michael Dvo\u0159\u00e1k<\/li>\n\n\n\n<li>24.4. MUDr. Pavel Dvo\u0159\u00e1k<\/li>\n\n\n\n<li>1.5. st\u00e1tn\u00ed sv\u00e1tek <\/li>\n\n\n\n<li>8.5. st\u00e1tn\u00ed sv\u00e1tek <\/li>\n\n\n\n<li>15.5. MUDr. Pavel Dvo\u0159\u00e1k<\/li>\n\n\n\n<li>22.5. MUDr. Michael Dvo\u0159\u00e1k<\/li>\n\n\n\n<li>29.5. MUDr. Pavel Dvo\u0159\u00e1k<br><\/li>\n<\/ul>\n","protected":false},"excerpt":{"rendered":"","protected":false},"author":1,"featured_media":0,"parent":0,"menu_order":0,"comment_status":"closed","ping_status":"closed","template":"","meta":{"footnotes":""},"class_list":["post-836","page","type-page","status-publish","hentry"],"_links":{"self":[{"href":"https:\/\/www.ocnibn.cz\/index.php?rest_route=\/wp\/v2\/pages\/836","targetHints":{"allow":["GET"]}}],"collection":[{"href":"https:\/\/www.ocnibn.cz\/index.php?rest_route=\/wp\/v2\/pages"}],"about":[{"href":"https:\/\/www.ocnibn.cz\/index.php?rest_route=\/wp\/v2\/types\/page"}],"author":[{"embeddable":true,"href":"https:\/\/www.ocnibn.cz\/index.php?rest_route=\/wp\/v2\/users\/1"}],"replies":[{"embeddable":true,"href":"https:\/\/www.ocnibn.cz\/index.php?rest_route=%2Fwp%2Fv2%2Fcomments&post=836"}],"version-history":[{"count":15,"href":"https:\/\/www.ocnibn.cz\/index.php?rest_route=\/wp\/v2\/pages\/836\/revisions"}],"predecessor-version":[{"id":978,"href":"https:\/\/www.ocnibn.cz\/index.php?rest_route=\/wp\/v2\/pages\/836\/revisions\/978"}],"wp:attachment":[{"href":"https:\/\/www.ocnibn.cz\/index.php?rest_route=%2Fwp%2Fv2%2Fmedia&parent=836"}],"curies":[{"name":"wp","href":"https:\/\/api.w.org\/{rel}","templated":true}]}}