{"id":611,"date":"2022-12-20T10:22:06","date_gmt":"2022-12-20T09:22:06","guid":{"rendered":"https:\/\/www.ocnibn.cz\/?page_id=611"},"modified":"2025-12-08T09:54:41","modified_gmt":"2025-12-08T08:54:41","slug":"kontakt","status":"publish","type":"page","link":"https:\/\/www.ocnibn.cz\/?page_id=611","title":{"rendered":"Kontakt"},"content":{"rendered":"\n<p><strong>Bene\u0161ov u Prahy, Mal\u00e9 n\u00e1m\u011bst\u00ed 1700<br>budova polikliniky, 2.patro<br><a href=\"https:\/\/mapy.cz\/zakladni?source=addr&amp;id=8833996&amp;ds=1&amp;x=14.6909725&amp;y=49.7828660&amp;z=17\">mapa<\/a><\/strong><\/p>\n\n\n\n<p><strong>tel: 736 754 425<\/strong><\/p>\n\n\n\n<p><strong>email: ocnibn@gmail.com<\/strong><\/p>\n","protected":false},"excerpt":{"rendered":"<p>Bene\u0161ov u Prahy, Mal\u00e9 n\u00e1m\u011bst\u00ed 1700budova polikliniky, 2.patromapa tel: 736 754 425 email: ocnibn@gmail.com<\/p>\n","protected":false},"author":1,"featured_media":0,"parent":0,"menu_order":0,"comment_status":"closed","ping_status":"closed","template":"","meta":{"footnotes":""},"class_list":["post-611","page","type-page","status-publish","hentry"],"_links":{"self":[{"href":"https:\/\/www.ocnibn.cz\/index.php?rest_route=\/wp\/v2\/pages\/611","targetHints":{"allow":["GET"]}}],"collection":[{"href":"https:\/\/www.ocnibn.cz\/index.php?rest_route=\/wp\/v2\/pages"}],"about":[{"href":"https:\/\/www.ocnibn.cz\/index.php?rest_route=\/wp\/v2\/types\/page"}],"author":[{"embeddable":true,"href":"https:\/\/www.ocnibn.cz\/index.php?rest_route=\/wp\/v2\/users\/1"}],"replies":[{"embeddable":true,"href":"https:\/\/www.ocnibn.cz\/index.php?rest_route=%2Fwp%2Fv2%2Fcomments&post=611"}],"version-history":[{"count":3,"href":"https:\/\/www.ocnibn.cz\/index.php?rest_route=\/wp\/v2\/pages\/611\/revisions"}],"predecessor-version":[{"id":956,"href":"https:\/\/www.ocnibn.cz\/index.php?rest_route=\/wp\/v2\/pages\/611\/revisions\/956"}],"wp:attachment":[{"href":"https:\/\/www.ocnibn.cz\/index.php?rest_route=%2Fwp%2Fv2%2Fmedia&parent=611"}],"curies":[{"name":"wp","href":"https:\/\/api.w.org\/{rel}","templated":true}]}}