{"id":590,"date":"2022-12-20T09:39:54","date_gmt":"2022-12-20T08:39:54","guid":{"rendered":"https:\/\/www.ocnibn.cz\/?page_id=590"},"modified":"2022-12-20T09:39:54","modified_gmt":"2022-12-20T08:39:54","slug":"pristrojove-vybaveni","status":"publish","type":"page","link":"https:\/\/www.ocnibn.cz\/?page_id=590","title":{"rendered":"P\u0159\u00edstrojov\u00e9 vybaven\u00ed"},"content":{"rendered":"","protected":false},"excerpt":{"rendered":"","protected":false},"author":1,"featured_media":0,"parent":0,"menu_order":0,"comment_status":"closed","ping_status":"closed","template":"","meta":{"footnotes":""},"class_list":["post-590","page","type-page","status-publish","hentry"],"_links":{"self":[{"href":"https:\/\/www.ocnibn.cz\/index.php?rest_route=\/wp\/v2\/pages\/590","targetHints":{"allow":["GET"]}}],"collection":[{"href":"https:\/\/www.ocnibn.cz\/index.php?rest_route=\/wp\/v2\/pages"}],"about":[{"href":"https:\/\/www.ocnibn.cz\/index.php?rest_route=\/wp\/v2\/types\/page"}],"author":[{"embeddable":true,"href":"https:\/\/www.ocnibn.cz\/index.php?rest_route=\/wp\/v2\/users\/1"}],"replies":[{"embeddable":true,"href":"https:\/\/www.ocnibn.cz\/index.php?rest_route=%2Fwp%2Fv2%2Fcomments&post=590"}],"version-history":[{"count":1,"href":"https:\/\/www.ocnibn.cz\/index.php?rest_route=\/wp\/v2\/pages\/590\/revisions"}],"predecessor-version":[{"id":591,"href":"https:\/\/www.ocnibn.cz\/index.php?rest_route=\/wp\/v2\/pages\/590\/revisions\/591"}],"wp:attachment":[{"href":"https:\/\/www.ocnibn.cz\/index.php?rest_route=%2Fwp%2Fv2%2Fmedia&parent=590"}],"curies":[{"name":"wp","href":"https:\/\/api.w.org\/{rel}","templated":true}]}}