{"id":15,"date":"2015-10-20T21:34:51","date_gmt":"2015-10-20T19:34:51","guid":{"rendered":"http:\/\/www.ocnibn.cz\/?page_id=15"},"modified":"2026-02-16T19:36:21","modified_gmt":"2026-02-16T18:36:21","slug":"ordinacni-hodiny","status":"publish","type":"page","link":"https:\/\/www.ocnibn.cz\/?page_id=15","title":{"rendered":"Ordina\u010dn\u00ed hodiny"},"content":{"rendered":"\n<figure class=\"wp-block-table\"><table><tbody><tr><td><\/td><td>pond\u011bl\u00ed<\/td><td>\u00fater\u00fd<\/td><td>st\u0159eda<\/td><td>\u010dtvrtek<\/td><td>p\u00e1tek<\/td><\/tr><tr><td>MUDr. Pavel Dvo\u0159\u00e1k<\/td><td>7:00 &#8211; 14:30<\/td><td>7:30 &#8211; 14:30<\/td><td>7:30 &#8211; 18:00<\/td><td><\/td><td>viz <a href=\"https:\/\/www.ocnibn.cz\/?page_id=836\">rozpis<\/a><\/td><\/tr><tr><td>MUDr. Ad\u00e9la Sedl\u00e1\u010dkov\u00e1<\/td><td><\/td><td><\/td><td><\/td><td><\/td><td><\/td><\/tr><tr><td>MUDr. Lenka Farionov\u00e1<\/td><td><\/td><td><\/td><td><\/td><td>7:30 &#8211; 14:30<\/td><td><\/td><\/tr><tr><td>MUDr. Michael Dvo\u0159\u00e1k<\/td><td><\/td><td><\/td><td>7:30 &#8211; 18:00<\/td><td><\/td><td>viz <a href=\"https:\/\/www.ocnibn.cz\/?page_id=836\">rozpis<\/a><\/td><\/tr><tr><td>MUDr. Zden\u011bk Ocelka<\/td><td><\/td><td><\/td><td><\/td><td><\/td><td>7:30 &#8211; 14:00<\/td><\/tr><\/tbody><\/table><\/figure>\n\n\n<p><strong><em>B\u011b\u017en\u00e1 vy\u0161et\u0159en\u00ed prov\u00e1d\u00edme bez objedn\u00e1n\u00ed.<\/em><\/strong><\/p>\n<p><span style=\"color: #000000;\"><i>V p\u0159\u00edpad\u011b nep\u0159\u00edtomnosti kter\u00e9hokoli z l\u00e9ka\u0159\u016f se v\u017edy sna\u017e\u00edme zajistit z\u00e1stup tak, aby ordina\u010dn\u00ed hodiny byly zachov\u00e1ny. <\/i><\/span><\/p>\n<p><span style=\"color: #ff0000;\"><i>Poledn\u00ed p\u0159est\u00e1vka ve 12:00.<\/i><\/span><\/p>\n<p><span style=\"color: #ff0000;\"><i>Posledn\u00ed pacient 30 minut p\u0159ed koncem pracovn\u00ed doby.<\/i><\/span><\/p>","protected":false},"excerpt":{"rendered":"<p>pond\u011bl\u00ed \u00fater\u00fd st\u0159eda \u010dtvrtek p\u00e1tek MUDr. Pavel Dvo\u0159\u00e1k 7:00 &#8211; 14:30 7:30 &#8211; 14:30 7:30 &#8211; 18:00 viz rozpis MUDr. Ad\u00e9la Sedl\u00e1\u010dkov\u00e1 MUDr. Lenka Farionov\u00e1 7:30 &#8211; 14:30 MUDr. Michael Dvo\u0159\u00e1k 7:30 &#8211; 18:00 viz rozpis MUDr. Zden\u011bk Ocelka 7:30 &#8211; 14:00 B\u011b\u017en\u00e1 vy\u0161et\u0159en\u00ed prov\u00e1d\u00edme bez objedn\u00e1n\u00ed. V p\u0159\u00edpad\u011b nep\u0159\u00edtomnosti kter\u00e9hokoli z l\u00e9ka\u0159\u016f se v\u017edy &hellip;<br \/><a href=\"https:\/\/www.ocnibn.cz\/?page_id=15\" class=\"more-link pen_button pen_element_default pen_icon_arrow_double\">Pokra\u010dovat ve\u00a0\u010dten\u00ed <span class=\"screen-reader-text\">Ordina\u010dn\u00ed hodiny<\/span><\/a><\/p>\n","protected":false},"author":1,"featured_media":0,"parent":0,"menu_order":0,"comment_status":"closed","ping_status":"closed","template":"","meta":{"footnotes":""},"class_list":["post-15","page","type-page","status-publish","hentry"],"_links":{"self":[{"href":"https:\/\/www.ocnibn.cz\/index.php?rest_route=\/wp\/v2\/pages\/15","targetHints":{"allow":["GET"]}}],"collection":[{"href":"https:\/\/www.ocnibn.cz\/index.php?rest_route=\/wp\/v2\/pages"}],"about":[{"href":"https:\/\/www.ocnibn.cz\/index.php?rest_route=\/wp\/v2\/types\/page"}],"author":[{"embeddable":true,"href":"https:\/\/www.ocnibn.cz\/index.php?rest_route=\/wp\/v2\/users\/1"}],"replies":[{"embeddable":true,"href":"https:\/\/www.ocnibn.cz\/index.php?rest_route=%2Fwp%2Fv2%2Fcomments&post=15"}],"version-history":[{"count":23,"href":"https:\/\/www.ocnibn.cz\/index.php?rest_route=\/wp\/v2\/pages\/15\/revisions"}],"predecessor-version":[{"id":973,"href":"https:\/\/www.ocnibn.cz\/index.php?rest_route=\/wp\/v2\/pages\/15\/revisions\/973"}],"wp:attachment":[{"href":"https:\/\/www.ocnibn.cz\/index.php?rest_route=%2Fwp%2Fv2%2Fmedia&parent=15"}],"curies":[{"name":"wp","href":"https:\/\/api.w.org\/{rel}","templated":true}]}}